{"id":158,"date":"2018-12-06T12:49:02","date_gmt":"2018-12-06T12:49:02","guid":{"rendered":"https:\/\/nuclear2000.com.co\/portal\/about\/"},"modified":"2023-06-23T14:50:15","modified_gmt":"2023-06-23T14:50:15","slug":"nosotros","status":"publish","type":"page","link":"https:\/\/nuclear2000.com.co\/portal\/nosotros\/","title":{"rendered":"Nosotros"},"content":{"rendered":"\t\t<div data-elementor-type=\"wp-post\" data-elementor-id=\"158\" class=\"elementor elementor-158\">\n\t\t\t\t\t\t\t<div class=\"elementor-element elementor-element-8b59638 e-con-boxed e-flex e-con\" data-id=\"8b59638\" data-element_type=\"container\" data-settings=\"{&quot;background_background&quot;:&quot;classic&quot;,&quot;content_width&quot;:&quot;boxed&quot;}\">\n\t\t\t\t\t<div class=\"e-con-inner\">\n\t\t\t\t<div class=\"elementor-element elementor-element-8d4b0ed elementor-widget elementor-widget-heading\" data-id=\"8d4b0ed\" data-element_type=\"widget\" data-widget_type=\"heading.default\">\n\t\t\t\t<div class=\"elementor-widget-container\">\n\t\t\t<style>\/*! elementor - v3.13.3 - 28-05-2023 *\/\n.elementor-heading-title{padding:0;margin:0;line-height:1}.elementor-widget-heading .elementor-heading-title[class*=elementor-size-]>a{color:inherit;font-size:inherit;line-height:inherit}.elementor-widget-heading .elementor-heading-title.elementor-size-small{font-size:15px}.elementor-widget-heading .elementor-heading-title.elementor-size-medium{font-size:19px}.elementor-widget-heading .elementor-heading-title.elementor-size-large{font-size:29px}.elementor-widget-heading .elementor-heading-title.elementor-size-xl{font-size:39px}.elementor-widget-heading .elementor-heading-title.elementor-size-xxl{font-size:59px}<\/style><h2 class=\"elementor-heading-title elementor-size-default\">SOBRE NOSTROS<\/h2>\t\t<\/div>\n\t\t\t\t<\/div>\n\t\t\t\t\t<\/div>\n\t\t\t\t<\/div>\n\t\t\t\t<section class=\"elementor-section elementor-top-section elementor-element elementor-element-956eb93 elementor-section-content-middle elementor-section-boxed elementor-section-height-default elementor-section-height-default\" data-id=\"956eb93\" data-element_type=\"section\" data-settings=\"{&quot;background_background&quot;:&quot;classic&quot;,&quot;shape_divider_bottom&quot;:&quot;waves&quot;}\">\n\t\t\t\t\t<div class=\"elementor-shape elementor-shape-bottom\" data-negative=\"false\">\n\t\t\t<svg xmlns=\"http:\/\/www.w3.org\/2000\/svg\" viewBox=\"0 0 1000 100\" preserveAspectRatio=\"none\">\n\t<path class=\"elementor-shape-fill\" d=\"M421.9,6.5c22.6-2.5,51.5,0.4,75.5,5.3c23.6,4.9,70.9,23.5,100.5,35.7c75.8,32.2,133.7,44.5,192.6,49.7\n\tc23.6,2.1,48.7,3.5,103.4-2.5c54.7-6,106.2-25.6,106.2-25.6V0H0v30.3c0,0,72,32.6,158.4,30.5c39.2-0.7,92.8-6.7,134-22.4\n\tc21.2-8.1,52.2-18.2,79.7-24.2C399.3,7.9,411.6,7.5,421.9,6.5z\"\/>\n<\/svg>\t\t<\/div>\n\t\t\t\t\t<div class=\"elementor-container elementor-column-gap-default\">\n\t\t\t\t\t<div class=\"elementor-column elementor-col-50 elementor-top-column elementor-element elementor-element-d72c8c8\" data-id=\"d72c8c8\" data-element_type=\"column\" data-settings=\"{&quot;background_background&quot;:&quot;classic&quot;}\">\n\t\t\t<div class=\"elementor-widget-wrap elementor-element-populated\">\n\t\t\t\t\t\t\t\t<div class=\"elementor-element elementor-element-1ee72fb elementor-position-left elementor-vertical-align-top elementor-widget elementor-widget-image-box\" data-id=\"1ee72fb\" data-element_type=\"widget\" data-widget_type=\"image-box.default\">\n\t\t\t\t<div class=\"elementor-widget-container\">\n\t\t\t<style>\/*! elementor - v3.13.3 - 28-05-2023 *\/\n.elementor-widget-image-box .elementor-image-box-content{width:100%}@media (min-width:768px){.elementor-widget-image-box.elementor-position-left .elementor-image-box-wrapper,.elementor-widget-image-box.elementor-position-right .elementor-image-box-wrapper{display:flex}.elementor-widget-image-box.elementor-position-right .elementor-image-box-wrapper{text-align:right;flex-direction:row-reverse}.elementor-widget-image-box.elementor-position-left .elementor-image-box-wrapper{text-align:left;flex-direction:row}.elementor-widget-image-box.elementor-position-top .elementor-image-box-img{margin:auto}.elementor-widget-image-box.elementor-vertical-align-top .elementor-image-box-wrapper{align-items:flex-start}.elementor-widget-image-box.elementor-vertical-align-middle .elementor-image-box-wrapper{align-items:center}.elementor-widget-image-box.elementor-vertical-align-bottom .elementor-image-box-wrapper{align-items:flex-end}}@media (max-width:767px){.elementor-widget-image-box .elementor-image-box-img{margin-left:auto!important;margin-right:auto!important;margin-bottom:15px}}.elementor-widget-image-box .elementor-image-box-img{display:inline-block}.elementor-widget-image-box .elementor-image-box-title a{color:inherit}.elementor-widget-image-box .elementor-image-box-wrapper{text-align:center}.elementor-widget-image-box .elementor-image-box-description{margin:0}<\/style><div class=\"elementor-image-box-wrapper\"><div class=\"elementor-image-box-content\"><h2 class=\"elementor-image-box-title\">Misi\u00f3n<\/h2><p class=\"elementor-image-box-description\">Brindar a la comunidad estudios de imagenolog\u00eda, diagn\u00f3sticos y terapias, confiables a trav\u00e9s de nuestros\nespecialistas en medicina nuclear, con un equipo humano id\u00f3neo y comprometidos con altos est\u00e1ndares de\ncalidad. Utilizando tecnolog\u00eda avanzada para el manejo Seguro de los isotopos radiactivos.<\/p><\/div><\/div>\t\t<\/div>\n\t\t\t\t<\/div>\n\t\t\t\t\t<\/div>\n\t\t<\/div>\n\t\t\t\t<div class=\"elementor-column elementor-col-50 elementor-top-column elementor-element elementor-element-37f244a\" data-id=\"37f244a\" data-element_type=\"column\" data-settings=\"{&quot;background_background&quot;:&quot;classic&quot;}\">\n\t\t\t<div class=\"elementor-widget-wrap elementor-element-populated\">\n\t\t\t\t\t\t\t\t<div class=\"elementor-element elementor-element-1e3ba76 elementor-position-left elementor-vertical-align-top elementor-widget elementor-widget-image-box\" data-id=\"1e3ba76\" data-element_type=\"widget\" data-widget_type=\"image-box.default\">\n\t\t\t\t<div class=\"elementor-widget-container\">\n\t\t\t<div class=\"elementor-image-box-wrapper\"><div class=\"elementor-image-box-content\"><h2 class=\"elementor-image-box-title\">Visi\u00f3n<\/h2><p class=\"elementor-image-box-description\">Para el a\u00f1o 2030 es nuestra visi\u00f3n, convertirnos en el l\u00edder indiscutible en el campo de la gammagraf\u00eda, proporcionando soluciones de vanguardia y servicios de alta calidad que superen las expectativas de nuestros pacientes. Queremos ser reconocidos como el socio preferido en la industria, tanto a nivel nacional como internacional. <\/p><\/div><\/div>\t\t<\/div>\n\t\t\t\t<\/div>\n\t\t\t\t\t<\/div>\n\t\t<\/div>\n\t\t\t\t\t\t\t<\/div>\n\t\t<\/section>\n\t\t\t\t<section class=\"elementor-section elementor-top-section elementor-element elementor-element-724a8d0 elementor-section-boxed elementor-section-height-default elementor-section-height-default\" data-id=\"724a8d0\" data-element_type=\"section\" data-settings=\"{&quot;background_background&quot;:&quot;classic&quot;}\">\n\t\t\t\t\t\t<div class=\"elementor-container elementor-column-gap-default\">\n\t\t\t\t\t<div class=\"elementor-column elementor-col-100 elementor-top-column elementor-element elementor-element-128107d\" data-id=\"128107d\" data-element_type=\"column\">\n\t\t\t<div class=\"elementor-widget-wrap elementor-element-populated\">\n\t\t\t\t\t\t\t\t<div class=\"elementor-element elementor-element-00cadfc elementor-position-top elementor-vertical-align-top elementor-widget elementor-widget-image-box\" data-id=\"00cadfc\" data-element_type=\"widget\" data-widget_type=\"image-box.default\">\n\t\t\t\t<div class=\"elementor-widget-container\">\n\t\t\t<div class=\"elementor-image-box-wrapper\"><div class=\"elementor-image-box-content\"><h2 class=\"elementor-image-box-title\">POL\u00cdTICA DE CALIDAD<\/h2><p class=\"elementor-image-box-description\">Garantizar a nuestros pacientes una atenci\u00f3n oportuna y un diagn\u00f3stico confiable, mediante la prestaci\u00f3n de estudios gammagr\u00e1ficos o im\u00e1genes funcionales y metab\u00f3licas, enfocados a su satisfacci\u00f3n y el mejoramiento continuo de nuestros servicios, con un alto sentido social. <\/p><\/div><\/div>\t\t<\/div>\n\t\t\t\t<\/div>\n\t\t\t\t\t<\/div>\n\t\t<\/div>\n\t\t\t\t\t\t\t<\/div>\n\t\t<\/section>\n\t\t\t\t<section class=\"elementor-section elementor-top-section elementor-element elementor-element-6dd61ef elementor-section-boxed elementor-section-height-default elementor-section-height-default\" data-id=\"6dd61ef\" data-element_type=\"section\" data-settings=\"{&quot;background_background&quot;:&quot;classic&quot;}\">\n\t\t\t\t\t\t<div class=\"elementor-container elementor-column-gap-default\">\n\t\t\t\t\t<div class=\"elementor-column elementor-col-100 elementor-top-column elementor-element elementor-element-4560c31\" data-id=\"4560c31\" data-element_type=\"column\">\n\t\t\t<div class=\"elementor-widget-wrap elementor-element-populated\">\n\t\t\t\t\t\t\t\t<div class=\"elementor-element elementor-element-88628f4 elementor-position-top elementor-vertical-align-top elementor-widget elementor-widget-image-box\" data-id=\"88628f4\" data-element_type=\"widget\" data-widget_type=\"image-box.default\">\n\t\t\t\t<div class=\"elementor-widget-container\">\n\t\t\t<div class=\"elementor-image-box-wrapper\"><div class=\"elementor-image-box-content\"><h2 class=\"elementor-image-box-title\">Conoce a nuestros m\u00e9dicos y personal<\/h2><\/div><\/div>\t\t<\/div>\n\t\t\t\t<\/div>\n\t\t\t\t\t<\/div>\n\t\t<\/div>\n\t\t\t\t\t\t\t<\/div>\n\t\t<\/section>\n\t\t\t\t<section class=\"elementor-section elementor-top-section elementor-element elementor-element-f6386f1 elementor-section-boxed elementor-section-height-default elementor-section-height-default\" data-id=\"f6386f1\" data-element_type=\"section\" data-settings=\"{&quot;background_background&quot;:&quot;classic&quot;}\">\n\t\t\t\t\t\t<div class=\"elementor-container elementor-column-gap-default\">\n\t\t\t\t\t<div class=\"elementor-column elementor-col-50 elementor-top-column elementor-element elementor-element-7761cf6\" data-id=\"7761cf6\" data-element_type=\"column\">\n\t\t\t<div class=\"elementor-widget-wrap elementor-element-populated\">\n\t\t\t\t\t\t\t\t<section class=\"elementor-section elementor-inner-section elementor-element elementor-element-86e0760 elementor-section-boxed elementor-section-height-default elementor-section-height-default\" data-id=\"86e0760\" data-element_type=\"section\" data-settings=\"{&quot;background_background&quot;:&quot;classic&quot;}\">\n\t\t\t\t\t\t<div class=\"elementor-container elementor-column-gap-default\">\n\t\t\t\t\t<div class=\"elementor-column elementor-col-33 elementor-inner-column elementor-element elementor-element-ac0648b\" data-id=\"ac0648b\" data-element_type=\"column\" data-settings=\"{&quot;background_background&quot;:&quot;classic&quot;}\">\n\t\t\t<div class=\"elementor-widget-wrap elementor-element-populated\">\n\t\t\t\t\t\t\t\t<div class=\"elementor-element elementor-element-17d333e elementor-widget elementor-widget-image\" data-id=\"17d333e\" data-element_type=\"widget\" data-widget_type=\"image.default\">\n\t\t\t\t<div class=\"elementor-widget-container\">\n\t\t\t<style>\/*! elementor - v3.13.3 - 28-05-2023 *\/\n.elementor-widget-image{text-align:center}.elementor-widget-image a{display:inline-block}.elementor-widget-image a img[src$=\".svg\"]{width:48px}.elementor-widget-image img{vertical-align:middle;display:inline-block}<\/style>\t\t\t\t\t\t\t\t\t\t\t\t<img loading=\"lazy\" decoding=\"async\" width=\"838\" height=\"1024\" src=\"https:\/\/nuclear2000.com.co\/portal\/wp-content\/uploads\/2023\/06\/FotoNuclear_Mesa-de-trabajo-1-838x1024.png\" class=\"attachment-large size-large wp-image-25891\" alt=\"\" srcset=\"https:\/\/nuclear2000.com.co\/portal\/wp-content\/uploads\/2023\/06\/FotoNuclear_Mesa-de-trabajo-1-838x1024.png 838w, https:\/\/nuclear2000.com.co\/portal\/wp-content\/uploads\/2023\/06\/FotoNuclear_Mesa-de-trabajo-1-246x300.png 246w, https:\/\/nuclear2000.com.co\/portal\/wp-content\/uploads\/2023\/06\/FotoNuclear_Mesa-de-trabajo-1-768x938.png 768w, https:\/\/nuclear2000.com.co\/portal\/wp-content\/uploads\/2023\/06\/FotoNuclear_Mesa-de-trabajo-1.png 1233w\" sizes=\"auto, (max-width: 838px) 100vw, 838px\" \/>\t\t\t\t\t\t\t\t\t\t\t\t\t\t\t<\/div>\n\t\t\t\t<\/div>\n\t\t\t\t\t<\/div>\n\t\t<\/div>\n\t\t\t\t<div class=\"elementor-column elementor-col-66 elementor-inner-column elementor-element elementor-element-f20278f\" data-id=\"f20278f\" data-element_type=\"column\" data-settings=\"{&quot;background_background&quot;:&quot;classic&quot;}\">\n\t\t\t<div class=\"elementor-widget-wrap elementor-element-populated\">\n\t\t\t\t\t\t\t\t<div class=\"elementor-element elementor-element-7e2e2d5 elementor-widget elementor-widget-heading\" data-id=\"7e2e2d5\" data-element_type=\"widget\" data-widget_type=\"heading.default\">\n\t\t\t\t<div class=\"elementor-widget-container\">\n\t\t\t<h5 class=\"elementor-heading-title elementor-size-default\">DRA. MAR\u00cdA ORTIZ CARABALLO<\/h5>\t\t<\/div>\n\t\t\t\t<\/div>\n\t\t\t\t\t<\/div>\n\t\t<\/div>\n\t\t\t\t\t\t\t<\/div>\n\t\t<\/section>\n\t\t\t\t\t<\/div>\n\t\t<\/div>\n\t\t\t\t<div class=\"elementor-column elementor-col-50 elementor-top-column elementor-element elementor-element-d6ea6b9\" data-id=\"d6ea6b9\" data-element_type=\"column\">\n\t\t\t<div class=\"elementor-widget-wrap elementor-element-populated\">\n\t\t\t\t\t\t\t\t<section class=\"elementor-section elementor-inner-section elementor-element elementor-element-741dea4 elementor-section-boxed elementor-section-height-default elementor-section-height-default\" data-id=\"741dea4\" data-element_type=\"section\" data-settings=\"{&quot;background_background&quot;:&quot;classic&quot;}\">\n\t\t\t\t\t\t<div class=\"elementor-container elementor-column-gap-default\">\n\t\t\t\t\t<div class=\"elementor-column elementor-col-33 elementor-inner-column elementor-element elementor-element-144bf56\" data-id=\"144bf56\" data-element_type=\"column\" data-settings=\"{&quot;background_background&quot;:&quot;classic&quot;}\">\n\t\t\t<div class=\"elementor-widget-wrap elementor-element-populated\">\n\t\t\t\t\t\t\t\t<div class=\"elementor-element elementor-element-9db4957 elementor-widget elementor-widget-image\" data-id=\"9db4957\" data-element_type=\"widget\" data-widget_type=\"image.default\">\n\t\t\t\t<div class=\"elementor-widget-container\">\n\t\t\t\t\t\t\t\t\t\t\t\t\t\t\t<img loading=\"lazy\" decoding=\"async\" width=\"838\" height=\"1024\" src=\"https:\/\/nuclear2000.com.co\/portal\/wp-content\/uploads\/2023\/06\/FotoNuclear_Mesa-de-trabajo-2_Mesa-de-trabajo-1-838x1024.png\" class=\"attachment-large size-large wp-image-25892\" alt=\"\" srcset=\"https:\/\/nuclear2000.com.co\/portal\/wp-content\/uploads\/2023\/06\/FotoNuclear_Mesa-de-trabajo-2_Mesa-de-trabajo-1-838x1024.png 838w, https:\/\/nuclear2000.com.co\/portal\/wp-content\/uploads\/2023\/06\/FotoNuclear_Mesa-de-trabajo-2_Mesa-de-trabajo-1-246x300.png 246w, https:\/\/nuclear2000.com.co\/portal\/wp-content\/uploads\/2023\/06\/FotoNuclear_Mesa-de-trabajo-2_Mesa-de-trabajo-1-768x938.png 768w, https:\/\/nuclear2000.com.co\/portal\/wp-content\/uploads\/2023\/06\/FotoNuclear_Mesa-de-trabajo-2_Mesa-de-trabajo-1.png 1233w\" sizes=\"auto, (max-width: 838px) 100vw, 838px\" \/>\t\t\t\t\t\t\t\t\t\t\t\t\t\t\t<\/div>\n\t\t\t\t<\/div>\n\t\t\t\t\t<\/div>\n\t\t<\/div>\n\t\t\t\t<div class=\"elementor-column elementor-col-66 elementor-inner-column elementor-element elementor-element-83e56ee\" data-id=\"83e56ee\" data-element_type=\"column\" data-settings=\"{&quot;background_background&quot;:&quot;classic&quot;}\">\n\t\t\t<div class=\"elementor-widget-wrap elementor-element-populated\">\n\t\t\t\t\t\t\t\t<div class=\"elementor-element elementor-element-e3d41e6 elementor-widget elementor-widget-heading\" data-id=\"e3d41e6\" data-element_type=\"widget\" data-widget_type=\"heading.default\">\n\t\t\t\t<div class=\"elementor-widget-container\">\n\t\t\t<h5 class=\"elementor-heading-title elementor-size-default\">DRA. OLIMP\u00cdA SILVERA REDONDO<\/h5>\t\t<\/div>\n\t\t\t\t<\/div>\n\t\t\t\t\t<\/div>\n\t\t<\/div>\n\t\t\t\t\t\t\t<\/div>\n\t\t<\/section>\n\t\t\t\t\t<\/div>\n\t\t<\/div>\n\t\t\t\t\t\t\t<\/div>\n\t\t<\/section>\n\t\t<div class=\"elementor-element elementor-element-9bb9e98 e-con-boxed e-flex e-con\" data-id=\"9bb9e98\" data-element_type=\"container\" data-settings=\"{&quot;background_background&quot;:&quot;classic&quot;,&quot;content_width&quot;:&quot;boxed&quot;}\">\n\t\t\t\t\t<div class=\"e-con-inner\">\n\t\t\t\t<div class=\"elementor-element elementor-element-cec4cf1 elementor-widget elementor-widget-image\" data-id=\"cec4cf1\" data-element_type=\"widget\" data-widget_type=\"image.default\">\n\t\t\t\t<div class=\"elementor-widget-container\">\n\t\t\t\t\t\t\t\t\t\t\t\t\t\t\t<img loading=\"lazy\" decoding=\"async\" width=\"768\" height=\"968\" src=\"https:\/\/nuclear2000.com.co\/portal\/wp-content\/uploads\/2023\/06\/FotoNuclearEquipo_Mesa-de-trabajo-1-768x968.png\" class=\"attachment-medium_large size-medium_large wp-image-25893\" alt=\"\" srcset=\"https:\/\/nuclear2000.com.co\/portal\/wp-content\/uploads\/2023\/06\/FotoNuclearEquipo_Mesa-de-trabajo-1-768x968.png 768w, https:\/\/nuclear2000.com.co\/portal\/wp-content\/uploads\/2023\/06\/FotoNuclearEquipo_Mesa-de-trabajo-1-238x300.png 238w, https:\/\/nuclear2000.com.co\/portal\/wp-content\/uploads\/2023\/06\/FotoNuclearEquipo_Mesa-de-trabajo-1-813x1024.png 813w, https:\/\/nuclear2000.com.co\/portal\/wp-content\/uploads\/2023\/06\/FotoNuclearEquipo_Mesa-de-trabajo-1-1219x1536.png 1219w, https:\/\/nuclear2000.com.co\/portal\/wp-content\/uploads\/2023\/06\/FotoNuclearEquipo_Mesa-de-trabajo-1-1625x2048.png 1625w\" sizes=\"auto, (max-width: 768px) 100vw, 768px\" \/>\t\t\t\t\t\t\t\t\t\t\t\t\t\t\t<\/div>\n\t\t\t\t<\/div>\n\t\t\t\t\t<\/div>\n\t\t\t\t<\/div>\n\t\t\t\t\t\t\t<\/div>\n\t\t","protected":false},"excerpt":{"rendered":"<p>SOBRE NOSTROS Misi\u00f3n Brindar a la comunidad estudios de imagenolog\u00eda, diagn\u00f3sticos y terapias, confiables a trav\u00e9s de nuestros especialistas en medicina nuclear, con un equipo humano id\u00f3neo y comprometidos con altos est\u00e1ndares de calidad. Utilizando tecnolog\u00eda avanzada para el manejo Seguro de los isotopos radiactivos. Visi\u00f3n Para el a\u00f1o 2030 es nuestra visi\u00f3n, convertirnos en [&hellip;]<\/p>\n","protected":false},"author":2,"featured_media":0,"parent":0,"menu_order":0,"comment_status":"closed","ping_status":"closed","template":"","meta":{"site-sidebar-layout":"no-sidebar","site-content-layout":"page-builder","ast-site-content-layout":"","site-content-style":"default","site-sidebar-style":"default","ast-global-header-display":"","ast-banner-title-visibility":"","ast-main-header-display":"","ast-hfb-above-header-display":"","ast-hfb-below-header-display":"","ast-hfb-mobile-header-display":"","site-post-title":"disabled","ast-breadcrumbs-content":"","ast-featured-img":"disabled","footer-sml-layout":"","theme-transparent-header-meta":"enabled","adv-header-id-meta":"","stick-header-meta":"","header-above-stick-meta":"","header-main-stick-meta":"","header-below-stick-meta":"","astra-migrate-meta-layouts":"default","ast-page-background-enabled":"default","ast-page-background-meta":{"desktop":{"background-color":"","background-image":"","background-repeat":"repeat","background-position":"center center","background-size":"auto","background-attachment":"scroll","background-type":"","background-media":"","overlay-type":"","overlay-color":"","overlay-opacity":"","overlay-gradient":""},"tablet":{"background-color":"","background-image":"","background-repeat":"repeat","background-position":"center center","background-size":"auto","background-attachment":"scroll","background-type":"","background-media":"","overlay-type":"","overlay-color":"","overlay-opacity":"","overlay-gradient":""},"mobile":{"background-color":"","background-image":"","background-repeat":"repeat","background-position":"center center","background-size":"auto","background-attachment":"scroll","background-type":"","background-media":"","overlay-type":"","overlay-color":"","overlay-opacity":"","overlay-gradient":""}},"ast-content-background-meta":{"desktop":{"background-color":"var(--ast-global-color-5)","background-image":"","background-repeat":"repeat","background-position":"center center","background-size":"auto","background-attachment":"scroll","background-type":"","background-media":"","overlay-type":"","overlay-color":"","overlay-opacity":"","overlay-gradient":""},"tablet":{"background-color":"var(--ast-global-color-5)","background-image":"","background-repeat":"repeat","background-position":"center center","background-size":"auto","background-attachment":"scroll","background-type":"","background-media":"","overlay-type":"","overlay-color":"","overlay-opacity":"","overlay-gradient":""},"mobile":{"background-color":"var(--ast-global-color-5)","background-image":"","background-repeat":"repeat","background-position":"center center","background-size":"auto","background-attachment":"scroll","background-type":"","background-media":"","overlay-type":"","overlay-color":"","overlay-opacity":"","overlay-gradient":""}},"footnotes":""},"class_list":["post-158","page","type-page","status-publish","hentry"],"_links":{"self":[{"href":"https:\/\/nuclear2000.com.co\/portal\/wp-json\/wp\/v2\/pages\/158","targetHints":{"allow":["GET"]}}],"collection":[{"href":"https:\/\/nuclear2000.com.co\/portal\/wp-json\/wp\/v2\/pages"}],"about":[{"href":"https:\/\/nuclear2000.com.co\/portal\/wp-json\/wp\/v2\/types\/page"}],"author":[{"embeddable":true,"href":"https:\/\/nuclear2000.com.co\/portal\/wp-json\/wp\/v2\/users\/2"}],"replies":[{"embeddable":true,"href":"https:\/\/nuclear2000.com.co\/portal\/wp-json\/wp\/v2\/comments?post=158"}],"version-history":[{"count":31,"href":"https:\/\/nuclear2000.com.co\/portal\/wp-json\/wp\/v2\/pages\/158\/revisions"}],"predecessor-version":[{"id":25945,"href":"https:\/\/nuclear2000.com.co\/portal\/wp-json\/wp\/v2\/pages\/158\/revisions\/25945"}],"wp:attachment":[{"href":"https:\/\/nuclear2000.com.co\/portal\/wp-json\/wp\/v2\/media?parent=158"}],"curies":[{"name":"wp","href":"https:\/\/api.w.org\/{rel}","templated":true}]}}